{"id":465,"date":"2021-06-14T10:52:03","date_gmt":"2021-06-14T08:52:03","guid":{"rendered":"https:\/\/www.pension-dagebuell.de\/?page_id=465"},"modified":"2025-04-11T22:05:18","modified_gmt":"2025-04-11T20:05:18","slug":"auser-haus-karte","status":"publish","type":"page","link":"http:\/\/www.pension-dagebuell.de\/?page_id=465","title":{"rendered":"Auser-Haus-Karte"},"content":{"rendered":"\t\t<div data-elementor-type=\"wp-page\" data-elementor-id=\"465\" class=\"elementor elementor-465\" data-elementor-settings=\"[]\">\n\t\t\t\t\t\t\t<div class=\"elementor-section-wrap\">\n\t\t\t\t\t\t\t<section class=\"elementor-section elementor-top-section elementor-element elementor-element-806e223 elementor-section-boxed elementor-section-height-default elementor-section-height-default\" data-id=\"806e223\" data-element_type=\"section\">\n\t\t\t\t\t\t<div class=\"elementor-container elementor-column-gap-default\">\n\t\t\t\t\t<div class=\"elementor-column elementor-col-100 elementor-top-column elementor-element elementor-element-b4cc6d3\" data-id=\"b4cc6d3\" data-element_type=\"column\">\n\t\t\t<div class=\"elementor-widget-wrap elementor-element-populated\">\n\t\t\t\t\t\t\t\t<div class=\"elementor-element elementor-element-94064a9 elementor-widget elementor-widget-text-editor\" data-id=\"94064a9\" data-element_type=\"widget\" data-widget_type=\"text-editor.default\">\n\t\t\t\t<div class=\"elementor-widget-container\">\n\t\t\t\t\t<div class=\"elementor-text-editor elementor-clearfix\"><\/div>\n\t\t\t\t<\/div>\n\t\t\t\t<\/div>\n\t\t\t\t\t<\/div>\n\t\t<\/div>\n\t\t\t\t\t\t\t<\/div>\n\t\t<\/section>\n\t\t\t\t<section class=\"elementor-section elementor-top-section elementor-element elementor-element-3a0e078 elementor-section-boxed elementor-section-height-default elementor-section-height-default\" data-id=\"3a0e078\" data-element_type=\"section\">\n\t\t\t\t\t\t<div class=\"elementor-container elementor-column-gap-default\">\n\t\t\t\t\t<div class=\"elementor-column elementor-col-100 elementor-top-column elementor-element elementor-element-24b9dc6\" data-id=\"24b9dc6\" data-element_type=\"column\">\n\t\t\t<div class=\"elementor-widget-wrap elementor-element-populated\">\n\t\t\t\t\t\t\t\t<div class=\"elementor-element elementor-element-af124e1 elementor-widget elementor-widget-text-editor\" data-id=\"af124e1\" data-element_type=\"widget\" data-widget_type=\"text-editor.default\">\n\t\t\t\t<div class=\"elementor-widget-container\">\n\t\t\t\t\t<div class=\"elementor-text-editor elementor-clearfix\"><p>Liebe G\u00e4ste!<\/p>\n<p>Leider k\u00f6nnen wir zur Zeit kein Essen&nbsp;<\/p>\n<p>&#8222;To-Go&#8220; anbieten,<\/p>\n<p><br><\/p>\n<p><br><\/p>\n<p><br><\/p>\n<p>da uns das Personal daf\u00fcr fehlt!<\/p>\n<p>Wir hoffen auf baldige \u00c4nderung.<\/p>\n<div><br><\/div>\n<div><br><\/div><\/div>\n\t\t\t\t<\/div>\n\t\t\t\t<\/div>\n\t\t\t\t\t<\/div>\n\t\t<\/div>\n\t\t\t\t\t\t\t<\/div>\n\t\t<\/section>\n\t\t\t\t\t\t<\/div>\n\t\t\t\t\t<\/div>\n\t\t","protected":false},"excerpt":{"rendered":"<p>Liebe G\u00e4ste! Leider k\u00f6nnen wir zur Zeit kein Essen&nbsp; &#8222;To-Go&#8220; anbieten, da uns das Personal daf\u00fcr fehlt! Wir hoffen auf baldige \u00c4nderung.<\/p>\n","protected":false},"author":1,"featured_media":0,"parent":0,"menu_order":0,"comment_status":"closed","ping_status":"closed","template":"","meta":{"footnotes":""},"class_list":["post-465","page","type-page","status-publish","hentry","entry"],"_links":{"self":[{"href":"http:\/\/www.pension-dagebuell.de\/index.php?rest_route=\/wp\/v2\/pages\/465","targetHints":{"allow":["GET"]}}],"collection":[{"href":"http:\/\/www.pension-dagebuell.de\/index.php?rest_route=\/wp\/v2\/pages"}],"about":[{"href":"http:\/\/www.pension-dagebuell.de\/index.php?rest_route=\/wp\/v2\/types\/page"}],"author":[{"embeddable":true,"href":"http:\/\/www.pension-dagebuell.de\/index.php?rest_route=\/wp\/v2\/users\/1"}],"replies":[{"embeddable":true,"href":"http:\/\/www.pension-dagebuell.de\/index.php?rest_route=%2Fwp%2Fv2%2Fcomments&post=465"}],"version-history":[{"count":30,"href":"http:\/\/www.pension-dagebuell.de\/index.php?rest_route=\/wp\/v2\/pages\/465\/revisions"}],"predecessor-version":[{"id":1173,"href":"http:\/\/www.pension-dagebuell.de\/index.php?rest_route=\/wp\/v2\/pages\/465\/revisions\/1173"}],"wp:attachment":[{"href":"http:\/\/www.pension-dagebuell.de\/index.php?rest_route=%2Fwp%2Fv2%2Fmedia&parent=465"}],"curies":[{"name":"wp","href":"https:\/\/api.w.org\/{rel}","templated":true}]}}